{"id":27,"date":"2015-11-17T15:44:31","date_gmt":"2015-11-17T15:44:31","guid":{"rendered":"http:\/\/opsa.dv.rrp.campus\/wp\/?page_id=27"},"modified":"2015-12-15T11:52:50","modified_gmt":"2015-12-15T15:52:50","slug":"busqueda","status":"publish","type":"page","link":"https:\/\/opsa.uprrp.edu\/index.php\/busqueda\/","title":{"rendered":"B\u00fasqueda"},"content":{"rendered":"<h1>B\u00fasqueda avanzada<\/h1>\n<p>Utilice la siguiente herramienta para buscar normativas dentro de nuestra plataforma. Combine los distintos campos para lograr resultados espec\u00edficos. Una vez presione el bot\u00f3n de &#8220;Buscar&#8221; podr\u00e1 modificar o a\u00f1adir informaci\u00f3n a los campos para filtrar su b\u00fasqueda y conseguir mejores resultados. Presione el bot\u00f3n de &#8220;Comenzar de nuevo&#8221; para borrar toda la informaci\u00f3n de los campos y comenzar una b\u00fasqueda nueva.<\/p>\n<p>En los campos de &#8220;Fecha de Efectividad&#8221; y &#8220;\u00daltima Revisi\u00f3n&#8221; deber\u00e1 entrar las fechas de inicio y fin que comprende el periodo de b\u00fasqueda (e.g. entre el 1 de julio de 1903 hasta el 30 de junio de 2013)<\/p>\n<p>Es importante recalcar que esta plataforma contiene s\u00f3lo normativa emitida por el Recinto de R\u00edo Piedras, aunque las normativas relacionadas dentro de esta plataforma hacen referencia a normativas externas v\u00eda hyperenlace.<\/p>\n<div class=\"asl_w_container asl_w_container_1\" data-id=\"1\" data-instance=\"1\">\n\t<div id='ajaxsearchlite1'\n\t\tdata-id=\"1\"\n\t\tdata-instance=\"1\"\n\t\tclass=\"asl_w asl_m asl_m_1 asl_m_1_1\">\n\t\t<div class=\"probox\">\n\n\t\n\t<div class='prosettings'  data-opened=0>\n\t\t\t\t<div class='innericon'>\n\t\t\t<svg version=\"1.1\" xmlns=\"http:\/\/www.w3.org\/2000\/svg\" xmlns:xlink=\"http:\/\/www.w3.org\/1999\/xlink\" x=\"0px\" y=\"0px\" width=\"22\" height=\"22\" viewBox=\"0 0 512 512\" enable-background=\"new 0 0 512 512\" xml:space=\"preserve\">\n\t\t\t\t\t<polygon transform = \"rotate(90 256 256)\" points=\"142.332,104.886 197.48,50 402.5,256 197.48,462 142.332,407.113 292.727,256 \"\/>\n\t\t\t\t<\/svg>\n\t\t<\/div>\n\t<\/div>\n\n\t\n\t\n\t<div class='proinput'>\n\t\t<form role=\"search\" action='#' autocomplete=\"off\"\n\t\t\t\taria-label=\"Search form\">\n\t\t\t<input aria-label=\"Search input\"\n\t\t\t\t\ttype='search' class='orig'\n\t\t\t\t\ttabindex=\"0\"\n\t\t\t\t\tname='phrase'\n\t\t\t\t\tplaceholder=''\n\t\t\t\t\tvalue=''\n\t\t\t\t\tautocomplete=\"off\"\/>\n\t\t\t<input aria-label=\"Search autocomplete input\"\n\t\t\t\t\ttype='text'\n\t\t\t\t\tclass='autocomplete'\n\t\t\t\t\ttabindex=\"-1\"\n\t\t\t\t\tname='phrase'\n\t\t\t\t\tvalue=''\n\t\t\t\t\tautocomplete=\"off\" disabled\/>\n\t\t\t<input type='submit' value=\"Start search\" style='width:0; height: 0; visibility: hidden;'>\n\t\t<\/form>\n\t<\/div>\n\n\t\n\t\n\t<button class='promagnifier' tabindex=\"0\" aria-label=\"Search magnifier button\">\n\t\t\t\t<span class='innericon' style=\"display:block;\">\n\t\t\t<svg version=\"1.1\" xmlns=\"http:\/\/www.w3.org\/2000\/svg\" xmlns:xlink=\"http:\/\/www.w3.org\/1999\/xlink\" x=\"0px\" y=\"0px\" width=\"22\" height=\"22\" viewBox=\"0 0 512 512\" enable-background=\"new 0 0 512 512\" xml:space=\"preserve\">\n\t\t\t\t\t<path d=\"M460.355,421.59L353.844,315.078c20.041-27.553,31.885-61.437,31.885-98.037\n\t\t\t\t\t\tC385.729,124.934,310.793,50,218.686,50C126.58,50,51.645,124.934,51.645,217.041c0,92.106,74.936,167.041,167.041,167.041\n\t\t\t\t\t\tc34.912,0,67.352-10.773,94.184-29.158L419.945,462L460.355,421.59z M100.631,217.041c0-65.096,52.959-118.056,118.055-118.056\n\t\t\t\t\t\tc65.098,0,118.057,52.959,118.057,118.056c0,65.096-52.959,118.056-118.057,118.056C153.59,335.097,100.631,282.137,100.631,217.041\n\t\t\t\t\t\tz\"\/>\n\t\t\t\t<\/svg>\n\t\t<\/span>\n\t<\/button>\n\n\t\n\t\n\t<div class='proloading'>\n\n\t\t<div class=\"asl_loader\"><div class=\"asl_loader-inner asl_simple-circle\"><\/div><\/div>\n\n\t\t\t<\/div>\n\n\t\t\t<div class='proclose'>\n\t\t\t<svg version=\"1.1\" xmlns=\"http:\/\/www.w3.org\/2000\/svg\" xmlns:xlink=\"http:\/\/www.w3.org\/1999\/xlink\" x=\"0px\"\n\t\t\t\ty=\"0px\"\n\t\t\t\twidth=\"12\" height=\"12\" viewBox=\"0 0 512 512\" enable-background=\"new 0 0 512 512\"\n\t\t\t\txml:space=\"preserve\">\n\t\t\t\t<polygon points=\"438.393,374.595 319.757,255.977 438.378,137.348 374.595,73.607 255.995,192.225 137.375,73.622 73.607,137.352 192.246,255.983 73.622,374.625 137.352,438.393 256.002,319.734 374.652,438.378 \"\/>\n\t\t\t<\/svg>\n\t\t<\/div>\n\t\n\t\n<\/div>\t<\/div>\n\t<div class='asl_data_container' style=\"display:none !important;\">\n\t\t<div class=\"asl_init_data wpdreams_asl_data_ct\"\n\tstyle=\"display:none !important;\"\n\tid=\"asl_init_id_1\"\n\tdata-asl-id=\"1\"\n\tdata-asl-instance=\"1\"\n\tdata-settings=\"{&quot;homeurl&quot;:&quot;https:\\\/\\\/opsa.uprrp.edu\\\/&quot;,&quot;resultstype&quot;:&quot;vertical&quot;,&quot;resultsposition&quot;:&quot;hover&quot;,&quot;itemscount&quot;:4,&quot;charcount&quot;:3,&quot;highlight&quot;:false,&quot;highlightWholewords&quot;:true,&quot;singleHighlight&quot;:false,&quot;scrollToResults&quot;:{&quot;enabled&quot;:false,&quot;offset&quot;:0},&quot;resultareaclickable&quot;:1,&quot;autocomplete&quot;:{&quot;enabled&quot;:true,&quot;lang&quot;:&quot;en&quot;,&quot;trigger_charcount&quot;:0},&quot;mobile&quot;:{&quot;menu_selector&quot;:&quot;#menu-toggle&quot;},&quot;trigger&quot;:{&quot;click&quot;:&quot;ajax_search&quot;,&quot;click_location&quot;:&quot;same&quot;,&quot;update_href&quot;:false,&quot;return&quot;:&quot;ajax_search&quot;,&quot;return_location&quot;:&quot;same&quot;,&quot;facet&quot;:false,&quot;type&quot;:true,&quot;redirect_url&quot;:&quot;?s={phrase}&quot;,&quot;delay&quot;:300},&quot;animations&quot;:{&quot;pc&quot;:{&quot;settings&quot;:{&quot;anim&quot;:&quot;fadedrop&quot;,&quot;dur&quot;:300},&quot;results&quot;:{&quot;anim&quot;:&quot;fadedrop&quot;,&quot;dur&quot;:300},&quot;items&quot;:&quot;voidanim&quot;},&quot;mob&quot;:{&quot;settings&quot;:{&quot;anim&quot;:&quot;fadedrop&quot;,&quot;dur&quot;:300},&quot;results&quot;:{&quot;anim&quot;:&quot;fadedrop&quot;,&quot;dur&quot;:300},&quot;items&quot;:&quot;voidanim&quot;}},&quot;autop&quot;:{&quot;state&quot;:true,&quot;phrase&quot;:&quot;&quot;,&quot;count&quot;:&quot;1&quot;},&quot;resPage&quot;:{&quot;useAjax&quot;:false,&quot;selector&quot;:&quot;#main&quot;,&quot;trigger_type&quot;:true,&quot;trigger_facet&quot;:true,&quot;trigger_magnifier&quot;:false,&quot;trigger_return&quot;:false},&quot;resultsSnapTo&quot;:&quot;left&quot;,&quot;results&quot;:{&quot;width&quot;:&quot;auto&quot;,&quot;width_tablet&quot;:&quot;auto&quot;,&quot;width_phone&quot;:&quot;auto&quot;},&quot;settingsimagepos&quot;:&quot;right&quot;,&quot;closeOnDocClick&quot;:true,&quot;overridewpdefault&quot;:false,&quot;override_method&quot;:&quot;get&quot;}\"><\/div>\n\t<div id=\"asl_hidden_data\">\n\t\t<svg style=\"position:absolute\" height=\"0\" width=\"0\">\n\t\t\t<filter id=\"aslblur\">\n\t\t\t\t<feGaussianBlur in=\"SourceGraphic\" stdDeviation=\"4\"\/>\n\t\t\t<\/filter>\n\t\t<\/svg>\n\t\t<svg style=\"position:absolute\" height=\"0\" width=\"0\">\n\t\t\t<filter id=\"no_aslblur\"><\/filter>\n\t\t<\/svg>\n\t<\/div>\n\t<\/div>\n\n\t<div id='ajaxsearchliteres1'\n\tclass='vertical wpdreams_asl_results asl_w asl_r asl_r_1 asl_r_1_1'>\n\n\t\n\t<div class=\"results\">\n\n\t\t\n\t\t<div class=\"resdrg\">\n\t\t<\/div>\n\n\t\t\n\t<\/div>\n\n\t\n\t\n<\/div>\n\n\t<div id='__original__ajaxsearchlitesettings1'\n\t\tdata-id=\"1\"\n\t\tclass=\"searchsettings wpdreams_asl_settings asl_w asl_s asl_s_1\">\n\t\t<form name='options'\n\t\taria-label=\"Search settings form\"\n\t\tautocomplete = 'off'>\n\n\t\n\t\n\t<input type=\"hidden\" name=\"filters_changed\" style=\"display:none;\" value=\"0\">\n\t<input type=\"hidden\" name=\"filters_initial\" style=\"display:none;\" value=\"1\">\n\n\t<div class=\"asl_option_inner hiddend\">\n\t\t<input type='hidden' name='qtranslate_lang' id='qtranslate_lang'\n\t\t\t\tvalue='0'\/>\n\t<\/div>\n\n\t\n\t\n\t<fieldset class=\"asl_sett_scroll\">\n\t\t<legend style=\"display: none;\">Generic selectors<\/legend>\n\t\t<div class=\"asl_option\" tabindex=\"0\">\n\t\t\t<div class=\"asl_option_inner\">\n\t\t\t\t<input type=\"checkbox\" value=\"exact\"\n\t\t\t\t\t\taria-label=\"Exact matches only\"\n\t\t\t\t\t\tname=\"asl_gen[]\" \/>\n\t\t\t\t<div class=\"asl_option_checkbox\"><\/div>\n\t\t\t<\/div>\n\t\t\t<div class=\"asl_option_label\">\n\t\t\t\tExact matches only\t\t\t<\/div>\n\t\t<\/div>\n\t\t<div class=\"asl_option\" tabindex=\"0\">\n\t\t\t<div class=\"asl_option_inner\">\n\t\t\t\t<input type=\"checkbox\" value=\"title\"\n\t\t\t\t\t\taria-label=\"Search in title\"\n\t\t\t\t\t\tname=\"asl_gen[]\"  checked=\"checked\"\/>\n\t\t\t\t<div class=\"asl_option_checkbox\"><\/div>\n\t\t\t<\/div>\n\t\t\t<div class=\"asl_option_label\">\n\t\t\t\tSearch in title\t\t\t<\/div>\n\t\t<\/div>\n\t\t<div class=\"asl_option\" tabindex=\"0\">\n\t\t\t<div class=\"asl_option_inner\">\n\t\t\t\t<input type=\"checkbox\" value=\"content\"\n\t\t\t\t\t\taria-label=\"Search in content\"\n\t\t\t\t\t\tname=\"asl_gen[]\"  checked=\"checked\"\/>\n\t\t\t\t<div class=\"asl_option_checkbox\"><\/div>\n\t\t\t<\/div>\n\t\t\t<div class=\"asl_option_label\">\n\t\t\t\tSearch in content\t\t\t<\/div>\n\t\t<\/div>\n\t\t<div class=\"asl_option_inner hiddend\">\n\t\t\t<input type=\"checkbox\" value=\"excerpt\"\n\t\t\t\t\taria-label=\"Search in excerpt\"\n\t\t\t\t\tname=\"asl_gen[]\"  checked=\"checked\"\/>\n\t\t\t<div class=\"asl_option_checkbox\"><\/div>\n\t\t<\/div>\n\t<\/fieldset>\n\t<fieldset class=\"asl_sett_scroll\">\n\t\t<legend style=\"display: none;\">Post Type Selectors<\/legend>\n\t\t\t\t\t<div class=\"asl_option_inner hiddend\">\n\t\t\t\t<input type=\"checkbox\" value=\"post\"\n\t\t\t\t\t\taria-label=\"Hidden option, ignore please\"\n\t\t\t\t\t\tname=\"customset[]\" checked=\"checked\"\/>\n\t\t\t<\/div>\n\t\t\t\t\t\t<div class=\"asl_option_inner hiddend\">\n\t\t\t\t<input type=\"checkbox\" value=\"page\"\n\t\t\t\t\t\taria-label=\"Hidden option, ignore please\"\n\t\t\t\t\t\tname=\"customset[]\" checked=\"checked\"\/>\n\t\t\t<\/div>\n\t\t\t\t\t\t<div class=\"asl_option_inner hiddend\">\n\t\t\t\t<input type=\"checkbox\" value=\"wpcf7_contact_form\"\n\t\t\t\t\t\taria-label=\"Hidden option, ignore please\"\n\t\t\t\t\t\tname=\"customset[]\" checked=\"checked\"\/>\n\t\t\t<\/div>\n\t\t\t\t\t\t<div class=\"asl_option_inner hiddend\">\n\t\t\t\t<input type=\"checkbox\" value=\"awqsf\"\n\t\t\t\t\t\taria-label=\"Hidden option, ignore please\"\n\t\t\t\t\t\tname=\"customset[]\" checked=\"checked\"\/>\n\t\t\t<\/div>\n\t\t\t\t\t\t<div class=\"asl_option_inner hiddend\">\n\t\t\t\t<input type=\"checkbox\" value=\"acf\"\n\t\t\t\t\t\taria-label=\"Hidden option, ignore please\"\n\t\t\t\t\t\tname=\"customset[]\" checked=\"checked\"\/>\n\t\t\t<\/div>\n\t\t\t\t<\/fieldset>\n\t\n\t\t<fieldset>\n\t\t\t\t\t\t\t<legend>Filter by Categories<\/legend>\n\t\t\t\t\t\t<div class='categoryfilter asl_sett_scroll'>\n\t\t\t\t\t\t\t\t\t<div class=\"asl_option\" tabindex=\"0\">\n\t\t\t\t\t\t<div class=\"asl_option_inner\">\n\t\t\t\t\t\t\t<input type=\"checkbox\" value=\"20\"\n\t\t\t\t\t\t\t\t\taria-label=\"Borradores\"\n\t\t\t\t\t\t\t\t\tname=\"categoryset[]\" checked=\"checked\"\/>\n\t\t\t\t\t\t\t<div class=\"asl_option_checkbox\"><\/div>\n\t\t\t\t\t\t<\/div>\n\t\t\t\t\t\t<div class=\"asl_option_label\">\n\t\t\t\t\t\t\tBorradores\t\t\t\t\t\t<\/div>\n\t\t\t\t\t<\/div>\n\t\t\t\t\t\t\t\t\t\t<div class=\"asl_option\" tabindex=\"0\">\n\t\t\t\t\t\t<div class=\"asl_option_inner\">\n\t\t\t\t\t\t\t<input type=\"checkbox\" value=\"10\"\n\t\t\t\t\t\t\t\t\taria-label=\"Gerencia\"\n\t\t\t\t\t\t\t\t\tname=\"categoryset[]\" checked=\"checked\"\/>\n\t\t\t\t\t\t\t<div class=\"asl_option_checkbox\"><\/div>\n\t\t\t\t\t\t<\/div>\n\t\t\t\t\t\t<div class=\"asl_option_label\">\n\t\t\t\t\t\t\tGerencia\t\t\t\t\t\t<\/div>\n\t\t\t\t\t<\/div>\n\t\t\t\t\t\t\t\t\t\t<div class=\"asl_option\" tabindex=\"0\">\n\t\t\t\t\t\t<div class=\"asl_option_inner\">\n\t\t\t\t\t\t\t<input type=\"checkbox\" value=\"11\"\n\t\t\t\t\t\t\t\t\taria-label=\"Instalaciones\"\n\t\t\t\t\t\t\t\t\tname=\"categoryset[]\" checked=\"checked\"\/>\n\t\t\t\t\t\t\t<div class=\"asl_option_checkbox\"><\/div>\n\t\t\t\t\t\t<\/div>\n\t\t\t\t\t\t<div class=\"asl_option_label\">\n\t\t\t\t\t\t\tInstalaciones\t\t\t\t\t\t<\/div>\n\t\t\t\t\t<\/div>\n\t\t\t\t\t\n\t\t\t<\/div>\n\t\t<\/fieldset>\n\t\t<\/form>\n\t<\/div>\n<\/div>\n","protected":false},"excerpt":{"rendered":"<p>B\u00fasqueda avanzada Utilice la siguiente herramienta para buscar normativas dentro de nuestra plataforma. Combine los distintos campos para lograr resultados espec\u00edficos. Una vez presione el bot\u00f3n de &#8220;Buscar&#8221; podr\u00e1 modificar o a\u00f1adir informaci\u00f3n a los campos para filtrar su b\u00fasqueda y conseguir mejores resultados. Presione el bot\u00f3n de &#8220;Comenzar de nuevo&#8221; para borrar toda la<\/p>\n<div class=\"read-more\"><a href=\"https:\/\/opsa.uprrp.edu\/index.php\/busqueda\/\" title=\"Read More\">Read More<\/a><\/div>\n","protected":false},"author":6,"featured_media":0,"parent":0,"menu_order":0,"comment_status":"closed","ping_status":"closed","template":"","meta":{"_acf_changed":false,"footnotes":""},"class_list":["post-27","page","type-page","status-publish"],"acf":[],"amp_enabled":true,"_links":{"self":[{"href":"https:\/\/opsa.uprrp.edu\/index.php\/wp-json\/wp\/v2\/pages\/27","targetHints":{"allow":["GET"]}}],"collection":[{"href":"https:\/\/opsa.uprrp.edu\/index.php\/wp-json\/wp\/v2\/pages"}],"about":[{"href":"https:\/\/opsa.uprrp.edu\/index.php\/wp-json\/wp\/v2\/types\/page"}],"author":[{"embeddable":true,"href":"https:\/\/opsa.uprrp.edu\/index.php\/wp-json\/wp\/v2\/users\/6"}],"replies":[{"embeddable":true,"href":"https:\/\/opsa.uprrp.edu\/index.php\/wp-json\/wp\/v2\/comments?post=27"}],"version-history":[{"count":24,"href":"https:\/\/opsa.uprrp.edu\/index.php\/wp-json\/wp\/v2\/pages\/27\/revisions"}],"predecessor-version":[{"id":141,"href":"https:\/\/opsa.uprrp.edu\/index.php\/wp-json\/wp\/v2\/pages\/27\/revisions\/141"}],"wp:attachment":[{"href":"https:\/\/opsa.uprrp.edu\/index.php\/wp-json\/wp\/v2\/media?parent=27"}],"curies":[{"name":"wp","href":"https:\/\/api.w.org\/{rel}","templated":true}]}}