{"id":107,"date":"2015-12-08T09:42:23","date_gmt":"2015-12-08T13:42:23","guid":{"rendered":"http:\/\/opsa.dv.rrp.campus\/wp\/?page_id=107"},"modified":"2015-12-18T13:35:07","modified_gmt":"2015-12-18T17:35:07","slug":"documentos","status":"publish","type":"page","link":"https:\/\/opsa.uprrp.edu\/","title":{"rendered":"Oficina de Pol\u00edticas, Sistemas y Auditor\u00edas"},"content":{"rendered":"<h2>Documentos<\/h2>\n<ul>\n<li><a href=\"http:\/\/opsa.uprrp.edu\/wp-content\/uploads\/2015\/12\/Plan_Basico_Operaciones_Emergencias_para_UPR.pdf\">Plan B\u00e1sico de Operaciones de Emergencia (PBOE)<\/a>\n<ul>\n<li><a href=\"http:\/\/opsa.uprrp.edu\/wp-content\/uploads\/2015\/12\/Plan_Operacional_Situaciones_Emergencias_Tormentas_o_Huracanes_1.pdf\">Anejo I -Plan Operacional para Situaciones de Emergencia Causadas por Tormentas o Huracanes<\/a><\/li>\n<li><a href=\"http:\/\/opsa.uprrp.edu\/wp-content\/uploads\/2015\/12\/Plan_Operacional_Desalojo_UPR-RP.pdf\">Anejo II-Plan Operacional de Desalojo para el Recinto de R\u00edo Piedras de la Universidad de Puerto Rico<\/a><\/li>\n<li><a href=\"http:\/\/opsa.uprrp.edu\/wp-content\/uploads\/2015\/12\/Plan_operacional_para_emergencias_por_incendios.pdf\">Anejo III-Plan Operacional para Casos de Emergencias causados por Incendios<\/a><\/li>\n<li><a href=\"http:\/\/opsa.uprrp.edu\/wp-content\/uploads\/2015\/12\/plan_operacional_para_emergencias_por_derrame_sustancias_quimicas_y_desperdicios_peligrosos.pdf\">Anejo IV-Plan de Operaciones de Emergencias de Derrames de Substancias Qu\u00edmicas y Desperdicios Peligrosos<\/a><br \/>\n<a href=\"http:\/\/opsa.uprrp.edu\/wp-content\/uploads\/2015\/12\/plan_operacional_para_emergencias_por_derrame_sustancias_quimicas_y_desperdicios_peligrosos.pdf\"> para el Recinto de R\u00edo Piedras de la Universidad de Puerto Rico<\/a><\/li>\n<li><a href=\"http:\/\/opsa.uprrp.edu\/wp-content\/uploads\/2015\/12\/Plan_Operacional_para_Emergencias_Amenaza_Hallazgo_o_Explosion_de_Bombas_UPR-RP.pdf\">Anejo VI-Plan de Operaciones de Emergencias sobre Amenaza, Hallazgos o Explosi\u00f3n de Bombas en la Universidad de Puerto Rico Recinto de R\u00edo Piedras<\/a><\/li>\n<li><a href=\"http:\/\/opsa.uprrp.edu\/wp-content\/uploads\/2015\/12\/Plan_operacional_de_emergencias_por_terremotos.pdf\">Anejo VIII-Plan Operacional para Casos de Emergencias Causados por Terremotos<\/a><\/li>\n<\/ul>\n<\/li>\n<li><a href=\"http:\/\/opsa.uprrp.edu\/wp-content\/uploads\/2015\/12\/Reglamento_seguridad.pdf\">Reglamento de la Oficina de Seguridad<\/a><\/li>\n<li>COR N\u00fam. 60 (18-ene-2000)-Pol\u00edtica Institucional sobre el Uso de Alcohol y Drogas<\/li>\n<li>COR N\u00fam. 06 (13-ago-2002)-Pol\u00edtica y Reglamento de la Universidad de Puerto Rico sobre el Uso Il\u00edcito de Drogas, Sustancias Controladas y Abuso de Alcohol- Incluye hoja de recibo para empleados<\/li>\n<li>COR N\u00fam. 49-Pol\u00edtica y Reglamento de la Universidad de Puerto Rico sobre el Uso Il\u00edcito de Drogas, Sustancias Controladas y Abuso de Alcohol (Certificaciones 32 y 33, A\u00f1o 1999-2000)<\/li>\n<li><a href=\"http:\/\/opsa.uprrp.edu\/wp-content\/uploads\/2015\/12\/COR_Poltica_Institucional_Drogas.pdf\">Carta Circular de la Rectora (12-mayo-2006)-Pol\u00edtica Institucional sobre Uso Il\u00edcito de Drogas, Sustancias\u00a0Controladas y Abuso de Alcohol<\/a><\/li>\n<li>COR N\u00fam. 07- Pol\u00edtica y Reglamento de la Universidad de Puerto Rico sobre el Uso Il\u00edcito de Drogas, Sustancias Controladas y Abuso de Alcohol (Cert. N\u00fam. 33, 2005-2006 Enmendada)<\/li>\n<li>COR N\u00fam. 08-Pol\u00edtica y Reglamento de la Universidad de Puerto Rico sobre el Uso Il\u00edcito de Drogas, Sustancias Controladas y Abuso de Alcohol y Abuso de Alcohol y Cumplimiento con la Ley de Seguridad en el Campus Jeanne Clery Act<\/li>\n<li>Carta Circular A\u00f1o 2009-2010 (6-ago-2009) Pol\u00edtica y Reglamento de la Universidad de Puerto Rico sobre el Uso Il\u00edcito de Drogas, Sustancias Controladas y Abuso de Alcohol<\/li>\n<li>Circular N\u00fam. 15, A\u00f1o 2014-2015<br \/>\na la Comunidad Universitaria Prohibici\u00f3n de Fumar y de Consumo de Drogas Il\u00edcitas en el Recinto de R\u00edo Piedras<\/li>\n<li>Certificaci\u00f3n N\u00fam. 107 (2009-2010) de la Junta de S\u00edndicos-Prohibici\u00f3n de Uso de Fondos P\u00fablicos para Adquisici\u00f3n de Bebidas Alcoh\u00f3licas en la UPR<\/li>\n<li>Certificaci\u00f3n N\u00fam. 32-Pol\u00edtica de la Universidad de Puerto Rico sobre el Uso Il\u00edcito de Drogas, Sustancias Controladas y Abuso de Alcohol<\/li>\n<li>Certificaci\u00f3n N\u00fam. 33-Enmendar Certificaci\u00f3n 32 (1999-2000) sobre la Pol\u00edtica de la Universidad de Puerto Rico sobre el Uso Il\u00edcito de Drogas, Sustancias Controladas y Abuso deAlcohol<\/li>\n<li>Certificaci\u00f3n N\u00fam. 107-Limitaci\u00f3n de Uso de Fondos P\u00fablicos para la Adquisici\u00f3n de Bebidas Alcoh\u00f3licas<\/li>\n<li>Secci\u00f3n 35.3 Sanciones Disciplinarias (Reglamento General)<\/li>\n<li>Cap\u00edtulo VI-Normas Disciplinarias y Procedimientos (Reglamento General de Estudiantes del la UPR)<\/li>\n<li>Directrices a Residencias RE: Hoja de Informaci\u00f3n B\u00e1sica para Completar cuando hay estudiantes desaparecidos (2-sept-2014)<\/li>\n<\/ul>\n","protected":false},"excerpt":{"rendered":"<p>Documentos Plan B\u00e1sico de Operaciones de Emergencia (PBOE) Anejo I -Plan Operacional para Situaciones de Emergencia Causadas por Tormentas o Huracanes Anejo II-Plan Operacional de Desalojo para el Recinto de R\u00edo Piedras de la Universidad de Puerto Rico Anejo III-Plan Operacional para Casos de Emergencias causados por Incendios Anejo IV-Plan de Operaciones de Emergencias de<\/p>\n<div class=\"read-more\"><a href=\"https:\/\/opsa.uprrp.edu\/\" title=\"Read More\">Read More<\/a><\/div>\n","protected":false},"author":6,"featured_media":0,"parent":0,"menu_order":0,"comment_status":"closed","ping_status":"closed","template":"","meta":{"_acf_changed":false,"footnotes":""},"class_list":["post-107","page","type-page","status-publish"],"acf":[],"amp_enabled":false,"_links":{"self":[{"href":"https:\/\/opsa.uprrp.edu\/index.php\/wp-json\/wp\/v2\/pages\/107","targetHints":{"allow":["GET"]}}],"collection":[{"href":"https:\/\/opsa.uprrp.edu\/index.php\/wp-json\/wp\/v2\/pages"}],"about":[{"href":"https:\/\/opsa.uprrp.edu\/index.php\/wp-json\/wp\/v2\/types\/page"}],"author":[{"embeddable":true,"href":"https:\/\/opsa.uprrp.edu\/index.php\/wp-json\/wp\/v2\/users\/6"}],"replies":[{"embeddable":true,"href":"https:\/\/opsa.uprrp.edu\/index.php\/wp-json\/wp\/v2\/comments?post=107"}],"version-history":[{"count":11,"href":"https:\/\/opsa.uprrp.edu\/index.php\/wp-json\/wp\/v2\/pages\/107\/revisions"}],"predecessor-version":[{"id":172,"href":"https:\/\/opsa.uprrp.edu\/index.php\/wp-json\/wp\/v2\/pages\/107\/revisions\/172"}],"wp:attachment":[{"href":"https:\/\/opsa.uprrp.edu\/index.php\/wp-json\/wp\/v2\/media?parent=107"}],"curies":[{"name":"wp","href":"https:\/\/api.w.org\/{rel}","templated":true}]}}